{"id":130,"date":"2021-04-16T10:15:43","date_gmt":"2021-04-16T08:15:43","guid":{"rendered":"https:\/\/praxis-dr-benner.de\/?page_id=130"},"modified":"2025-05-02T09:36:03","modified_gmt":"2025-05-02T07:36:03","slug":"behandlung-von-angstpatienten","status":"publish","type":"page","link":"https:\/\/praxis-dr-benner.de\/en\/leistungen\/behandlung-von-angstpatienten\/","title":{"rendered":"Behandlung von Angstpatienten"},"content":{"rendered":"\n<figure class=\"wp-block-image size-full\"><img decoding=\"async\" width=\"1920\" height=\"436\" data-src=\"https:\/\/praxis-dr-benner.de\/wp-content\/uploads\/2021\/06\/angstpatienten_header.png\" alt=\"Zahnarzt Dr. Benner\" class=\"wp-image-476 lazyload\" title=\"Zahnarzt Dr. Benner\" data-srcset=\"https:\/\/praxis-dr-benner.de\/wp-content\/uploads\/2021\/06\/angstpatienten_header.png 1920w, https:\/\/praxis-dr-benner.de\/wp-content\/uploads\/2021\/06\/angstpatienten_header-300x68.png 300w, https:\/\/praxis-dr-benner.de\/wp-content\/uploads\/2021\/06\/angstpatienten_header-1024x233.png 1024w, https:\/\/praxis-dr-benner.de\/wp-content\/uploads\/2021\/06\/angstpatienten_header-768x174.png 768w, https:\/\/praxis-dr-benner.de\/wp-content\/uploads\/2021\/06\/angstpatienten_header-1536x349.png 1536w\" data-sizes=\"(max-width: 1920px) 100vw, 1920px\" src=\"data:image\/svg+xml;base64,PHN2ZyB3aWR0aD0iMSIgaGVpZ2h0PSIxIiB4bWxucz0iaHR0cDovL3d3dy53My5vcmcvMjAwMC9zdmciPjwvc3ZnPg==\" style=\"--smush-placeholder-width: 1920px; --smush-placeholder-aspect-ratio: 1920\/436;\" \/><\/figure>\n\n\n\n<div class=\"wp-block-group fixed-size\"><div class=\"wp-block-group__inner-container is-layout-flow wp-block-group-is-layout-flow\">\n<div style=\"height:35px\" aria-hidden=\"true\" class=\"wp-block-spacer\"><\/div>\n\n\n\n<h2 class=\"wp-block-heading\">Behandlung von Angstpatienten<\/h2>\n\n\n\n<p><strong>Die Problematik<\/strong> &#8211; Zahnarztangst ist ein weit verbreitetes Ph\u00e4nomen. Doch auch die unn\u00f6tige Erwartung von Schmerzen h\u00e4lt Patienten davon ab, den Besuch zum Zahnarzt \u201czu wagen\u201d. Zudem begleitet die v\u00f6llig unbegr\u00fcndete Scham, die eigenen Z\u00e4hne zu zeigen, viele Patienten.<\/p>\n\n\n\n<div class=\"wp-block-group fixed-size\"><div class=\"wp-block-group__inner-container is-layout-flow wp-block-group-is-layout-flow\">\n<div style=\"height:40px\" aria-hidden=\"true\" class=\"wp-block-spacer\"><\/div>\n\n\n\n<div class=\"wp-block-columns is-layout-flex wp-container-core-columns-is-layout-9d6595d7 wp-block-columns-is-layout-flex\">\n<div class=\"wp-block-column is-vertically-aligned-center is-layout-flow wp-block-column-is-layout-flow\">\n<figure class=\"wp-block-image size-large\"><img decoding=\"async\" width=\"411\" height=\"340\" data-src=\"https:\/\/praxis-dr-benner.de\/wp-content\/uploads\/2021\/05\/angstpatienten_content01.jpg\" alt=\"Zahnarzt Dr. Benner\" class=\"wp-image-370 lazyload\" title=\"Zahnarzt Dr. Benner\" data-srcset=\"https:\/\/praxis-dr-benner.de\/wp-content\/uploads\/2021\/05\/angstpatienten_content01.jpg 411w, https:\/\/praxis-dr-benner.de\/wp-content\/uploads\/2021\/05\/angstpatienten_content01-300x248.jpg 300w\" data-sizes=\"(max-width: 411px) 100vw, 411px\" src=\"data:image\/svg+xml;base64,PHN2ZyB3aWR0aD0iMSIgaGVpZ2h0PSIxIiB4bWxucz0iaHR0cDovL3d3dy53My5vcmcvMjAwMC9zdmciPjwvc3ZnPg==\" style=\"--smush-placeholder-width: 411px; --smush-placeholder-aspect-ratio: 411\/340;\" \/><\/figure>\n\n\n\n<p><\/p>\n<\/div>\n\n\n\n<div class=\"wp-block-column is-layout-flow wp-block-column-is-layout-flow\">\n<h4 class=\"wp-block-heading\">Das muss nicht sein<\/h4>\n\n\n\n<p>Wir freuen uns, in ausgepr\u00e4gten F\u00e4llen auf speziell f\u00fcr Angstpatienten entwickelte Beruhigungsmittel zur\u00fcckgreifen zu k\u00f6nnen, damit die Behandlung bei uns f\u00fcr Sie so entspannt wie m\u00f6glich abl\u00e4uft. Speziell f\u00fcr Angstpatienten bieten wir Sedativa an, damit Sie die Behandlung so zwanglos wie m\u00f6glich empfinden k\u00f6nnen.<\/p>\n\n\n\n<div style=\"height:35px\" aria-hidden=\"true\" class=\"wp-block-spacer\"><\/div>\n<\/div>\n<\/div>\n\n\n\n<div style=\"height:20px\" aria-hidden=\"true\" class=\"wp-block-spacer\"><\/div>\n<\/div><\/div>\n<\/div><\/div>\n\n\n\n<div class=\"wp-block-group full-size light-blue\"><div class=\"wp-block-group__inner-container is-layout-flow wp-block-group-is-layout-flow\">\n<div style=\"height:20px\" aria-hidden=\"true\" class=\"wp-block-spacer\"><\/div>\n\n\n\n<div class=\"wp-block-columns fixed-size is-layout-flex wp-container-core-columns-is-layout-9d6595d7 wp-block-columns-is-layout-flex\">\n<div class=\"wp-block-column is-vertically-aligned-center is-layout-flow wp-block-column-is-layout-flow\">\n<h2 class=\"wp-block-heading\">Lernen Sie uns kennen<\/h2>\n\n\n\n<p>Der erste Termin ist immer ein entspanntes Kennenlernen. Es wird \u00fcber Ihre Bedenken gesprochen und maximal \u2013 falls dies in Ordnung ist \u2013 in den Mund geschaut, um einen \u00dcberblick zu gewinnen. Wenn dies beim ersten Mal zu viel ist, bleibt es bei einem Gespr\u00e4ch. Wir richten uns ganz nach Ihnen und Ihrem Tempo!<\/p>\n<\/div>\n\n\n\n<div class=\"wp-block-column is-layout-flow wp-block-column-is-layout-flow\">\n<div class=\"wp-block-image\"><figure class=\"alignright size-large\"><img decoding=\"async\" width=\"411\" height=\"340\" data-src=\"https:\/\/praxis-dr-benner.de\/wp-content\/uploads\/2021\/05\/angstpatienten_content02.jpg\" alt=\"Zahnarzt Dr. Benner\" class=\"wp-image-371 lazyload\" title=\"Zahnarzt Dr. Benner\" data-srcset=\"https:\/\/praxis-dr-benner.de\/wp-content\/uploads\/2021\/05\/angstpatienten_content02.jpg 411w, https:\/\/praxis-dr-benner.de\/wp-content\/uploads\/2021\/05\/angstpatienten_content02-300x248.jpg 300w\" data-sizes=\"(max-width: 411px) 100vw, 411px\" src=\"data:image\/svg+xml;base64,PHN2ZyB3aWR0aD0iMSIgaGVpZ2h0PSIxIiB4bWxucz0iaHR0cDovL3d3dy53My5vcmcvMjAwMC9zdmciPjwvc3ZnPg==\" style=\"--smush-placeholder-width: 411px; --smush-placeholder-aspect-ratio: 411\/340;\" \/><\/figure><\/div>\n<\/div>\n<\/div>\n\n\n\n<div style=\"height:21px\" aria-hidden=\"true\" class=\"wp-block-spacer\"><\/div>\n<\/div><\/div>\n\n\n\n<div class=\"wp-block-columns wp-splate-before-footer is-layout-flex wp-container-core-columns-is-layout-9d6595d7 wp-block-columns-is-layout-flex\">\n<div class=\"wp-block-column spalte-color is-layout-flow wp-block-column-is-layout-flow\">\n<div style=\"height:40px\" aria-hidden=\"true\" class=\"wp-block-spacer\"><\/div>\n\n\n\n\n<div id=\"wk-grid374\" class=\"uk-grid-width-1-1 uk-grid-width-small-1-1 uk-grid-width-medium-1-1 uk-grid-width-large-1-2 uk-grid-width-xlarge-1-2 uk-grid uk-grid-match uk-text-left \" data-uk-grid-match=\"{target:'> div > .uk-panel', row:true}\" data-uk-grid-margin  data-uk-scrollspy=\"{cls:'uk-animation-scale-up uk-invisible', target:'> div > .uk-panel', delay:300}\">\n\n\n    <div>\n        <div class=\"uk-panel uk-invisible\">\n\n            \n            \n                        <div class=\"uk-text-center uk-margin uk-margin-top-remove\"><img decoding=\"async\" data-src=\"\/wp-content\/uploads\/2025\/05\/icon1.png\" alt=\"PRAXIS\" width=\"96\" height=\"91\" title=\"Zahnarzt Dr. Benner\" src=\"data:image\/svg+xml;base64,PHN2ZyB3aWR0aD0iMSIgaGVpZ2h0PSIxIiB4bWxucz0iaHR0cDovL3d3dy53My5vcmcvMjAwMC9zdmciPjwvc3ZnPg==\" class=\"lazyload\" style=\"--smush-placeholder-width: 96px; --smush-placeholder-aspect-ratio: 96\/91;\"><\/div>\n            \n            \n            \n            \n            \n                        <div class=\"uk-margin\"><div id=\"kontakt_\">.<\/div>\n<h5>zahnmedizin rheinland<\/h5>\nLandstr. 23<br>\n50374 Erftstadt<br>\nTel. 02235 &#8211; 6525<br>\n<a href=\"mailto:info@praxis-dr-benner.de\">info@praxis-dr-benner.de<\/a><br>\n<a href=\"https:\/\/praxis-dr-benner.de\">www.praxis-dr-benner.de<\/a><br>\n<hr><\/div>\n            \n            \n            \n            \n        <\/div>\n    <\/div>\n\n\n<\/div>\n\n<script>\n(function($){\n\n    \/\/ get the images of the gallery and replace it by a canvas of the same size to fix the problem with overlapping images on load.\n    $('img[width][height]:not(.uk-overlay-panel)', $('#wk-grid374')).each(function() {\n\n        var $img = $(this);\n\n        if (this.width == 'auto' || this.height == 'auto' || !$img.is(':visible')) {\n            return;\n        }\n\n        var $canvas = $('<canvas class=\"uk-responsive-width\"><\/canvas>').attr({width:$img.attr('width'), height:$img.attr('height')}),\n            img = new Image,\n            release = function() {\n                $canvas.remove();\n                $img.css('display', '');\n                release = function(){};\n            };\n\n        $img.css('display', 'none').after($canvas);\n\n        $(img).on('load', function(){ release(); });\n        setTimeout(function(){ release(); }, 1000);\n\n        img.src = this.src;\n\n    });\n\n})(jQuery);\n<\/script>\n\n\n\n\n<div style=\"height:40px\" aria-hidden=\"true\" class=\"wp-block-spacer\"><\/div>\n<\/div>\n\n\n\n<div class=\"wp-block-column spalte-oz-block is-layout-flow wp-block-column-is-layout-flow\">\n<div style=\"height:71px\" aria-hidden=\"true\" class=\"wp-block-spacer\"><\/div>\n\n\n\n\n<div id=\"wk-grid065\" class=\"uk-grid-width-1-1 uk-grid-width-small-1-1 uk-grid-width-medium-1-1 uk-grid-width-large-1-2 uk-grid-width-xlarge-1-2 uk-grid uk-grid-match uk-text-left landigpage-oz\" data-uk-grid-match=\"{target:'> div > .uk-panel', row:true}\" data-uk-grid-margin  data-uk-scrollspy=\"{cls:'uk-animation-scale-up uk-invisible', target:'> div > .uk-panel', delay:300}\">\n\n\n    <div>\n        <div class=\"uk-panel uk-invisible\">\n\n            \n            \n            \n            \n                        <h3 class=\"uk-panel-title\">\n\n                                    \u00d6ffnungszeiten                \n                \n            <\/h3>\n            \n            \n            \n                        <div class=\"uk-margin\"><div class=\"\">\n<div id=\"oeffnungszeiten_\">.<\/div>\n<table>\n<tbody>\n<tr>\n<td>Montag<\/td>\n<td>07:30 &#8211; 19:30 Uhr<\/td>\n<\/tr>\n<tr>\n<td>Dienstag<\/td>\n<td>07:30 &#8211; 19:30 Uhr<\/td>\n<\/tr>\n<tr>\n<td>Mittwoch<\/td>\n<td>07:30 &#8211; 17:00 Uhr<\/td>\n<\/tr>\n<tr>\n<td>Donnerstag<\/td>\n<td>07:30 &#8211; 19:30 Uhr<\/td>\n<\/tr>\n<tr>\n<td>Freitag<\/td>\n<td>07:30 &#8211; 13:30 Uhr<\/td>\n<\/tr>\n<\/tbody>\n<\/table><\/div>\n<\/div>\n            \n            \n            \n            \n        <\/div>\n    <\/div>\n\n\n<\/div>\n\n<script>\n(function($){\n\n    \/\/ get the images of the gallery and replace it by a canvas of the same size to fix the problem with overlapping images on load.\n    $('img[width][height]:not(.uk-overlay-panel)', $('#wk-grid065')).each(function() {\n\n        var $img = $(this);\n\n        if (this.width == 'auto' || this.height == 'auto' || !$img.is(':visible')) {\n            return;\n        }\n\n        var $canvas = $('<canvas class=\"uk-responsive-width\"><\/canvas>').attr({width:$img.attr('width'), height:$img.attr('height')}),\n            img = new Image,\n            release = function() {\n                $canvas.remove();\n                $img.css('display', '');\n                release = function(){};\n            };\n\n        $img.css('display', 'none').after($canvas);\n\n        $(img).on('load', function(){ release(); });\n        setTimeout(function(){ release(); }, 1000);\n\n        img.src = this.src;\n\n    });\n\n})(jQuery);\n<\/script>\n\n\n\n\n<div style=\"height:10px\" aria-hidden=\"true\" class=\"wp-block-spacer\"><\/div>\n\n\n\n<p><\/p>\n<\/div>\n<\/div>\n","protected":false},"excerpt":{"rendered":"<p>Behandlung von Angstpatienten Die Problematik &#8211; Zahnarztangst ist ein weit verbreitetes Ph\u00e4nomen. Doch auch die unn\u00f6tige Erwartung von Schmerzen h\u00e4lt Patienten davon ab, den Besuch zum Zahnarzt \u201czu wagen\u201d. Zudem begleitet die v\u00f6llig unbegr\u00fcndete Scham, die eigenen Z\u00e4hne zu zeigen, viele Patienten. Das muss nicht sein Wir freuen uns, in ausgepr\u00e4gten F\u00e4llen auf speziell f\u00fcr [&hellip;]<\/p>\n","protected":false},"author":1,"featured_media":0,"parent":165,"menu_order":0,"comment_status":"closed","ping_status":"closed","template":"","meta":{"_custom_body_class":"landingpage","_custom_post_class":"","footnotes":""},"class_list":["post-130","page","type-page","status-publish","hentry"],"_links":{"self":[{"href":"https:\/\/praxis-dr-benner.de\/en\/wp-json\/wp\/v2\/pages\/130","targetHints":{"allow":["GET"]}}],"collection":[{"href":"https:\/\/praxis-dr-benner.de\/en\/wp-json\/wp\/v2\/pages"}],"about":[{"href":"https:\/\/praxis-dr-benner.de\/en\/wp-json\/wp\/v2\/types\/page"}],"author":[{"embeddable":true,"href":"https:\/\/praxis-dr-benner.de\/en\/wp-json\/wp\/v2\/users\/1"}],"replies":[{"embeddable":true,"href":"https:\/\/praxis-dr-benner.de\/en\/wp-json\/wp\/v2\/comments?post=130"}],"version-history":[{"count":36,"href":"https:\/\/praxis-dr-benner.de\/en\/wp-json\/wp\/v2\/pages\/130\/revisions"}],"predecessor-version":[{"id":975,"href":"https:\/\/praxis-dr-benner.de\/en\/wp-json\/wp\/v2\/pages\/130\/revisions\/975"}],"up":[{"embeddable":true,"href":"https:\/\/praxis-dr-benner.de\/en\/wp-json\/wp\/v2\/pages\/165"}],"wp:attachment":[{"href":"https:\/\/praxis-dr-benner.de\/en\/wp-json\/wp\/v2\/media?parent=130"}],"curies":[{"name":"wp","href":"https:\/\/api.w.org\/{rel}","templated":true}]}}