{"id":235,"date":"2021-04-19T15:47:43","date_gmt":"2021-04-19T13:47:43","guid":{"rendered":"https:\/\/praxis-dr-benner.de\/?page_id=235"},"modified":"2022-04-05T10:24:44","modified_gmt":"2022-04-05T08:24:44","slug":"implantologie","status":"publish","type":"page","link":"https:\/\/praxis-dr-benner.de\/en\/leistungen\/implantologie\/","title":{"rendered":"Implantologie"},"content":{"rendered":"\n<figure class=\"wp-block-image size-full\"><img decoding=\"async\" width=\"1920\" height=\"436\" data-src=\"https:\/\/praxis-dr-benner.de\/wp-content\/uploads\/2021\/05\/implantologie_header.jpg\" alt=\"Zahnarzt Dr. Benner\" class=\"wp-image-398 lazyload\" title=\"Zahnarzt Dr. Benner\" data-srcset=\"https:\/\/praxis-dr-benner.de\/wp-content\/uploads\/2021\/05\/implantologie_header.jpg 1920w, https:\/\/praxis-dr-benner.de\/wp-content\/uploads\/2021\/05\/implantologie_header-300x68.jpg 300w, https:\/\/praxis-dr-benner.de\/wp-content\/uploads\/2021\/05\/implantologie_header-1024x233.jpg 1024w, https:\/\/praxis-dr-benner.de\/wp-content\/uploads\/2021\/05\/implantologie_header-768x174.jpg 768w, https:\/\/praxis-dr-benner.de\/wp-content\/uploads\/2021\/05\/implantologie_header-1536x349.jpg 1536w\" data-sizes=\"(max-width: 1920px) 100vw, 1920px\" src=\"data:image\/svg+xml;base64,PHN2ZyB3aWR0aD0iMSIgaGVpZ2h0PSIxIiB4bWxucz0iaHR0cDovL3d3dy53My5vcmcvMjAwMC9zdmciPjwvc3ZnPg==\" style=\"--smush-placeholder-width: 1920px; --smush-placeholder-aspect-ratio: 1920\/436;\" \/><\/figure>\n\n\n\n<div class=\"wp-block-group fixed-size\"><div class=\"wp-block-group__inner-container is-layout-flow wp-block-group-is-layout-flow\">\n<div style=\"height:35px\" aria-hidden=\"true\" class=\"wp-block-spacer\"><\/div>\n\n\n\n<h2 class=\"wp-block-heading\">Implantologie &#8211; GENAU mein Zahnersatz<\/h2>\n\n\n\n<p>Die eigenen Z\u00e4hne zu erhalten ist immer das Mittel der Wahl. Sollte durch das notwendige Ziehen eines oder mehrerer Z\u00e4hne eine L\u00fccke entstehen, stellt sich die Frage, wie diese L\u00fccke zu schlie\u00dfen ist. Zahnersatz auf Implantaten kommt dem nat\u00fcrlichen Zahn am n\u00e4chsten. Das als k\u00fcnstliche Zahnwurzel agierende Implantat verankert nicht nur Kronen oder Br\u00fccken fest und sicher, sondern verringert den Abbau des Kieferknochens und bietet den Vorteil, dass die Nachbarz\u00e4hne nicht beschliffen werden m\u00fcssen.<\/p>\n\n\n\n<div class=\"wp-block-group fixed-size\"><div class=\"wp-block-group__inner-container is-layout-flow wp-block-group-is-layout-flow\">\n<div style=\"height:40px\" aria-hidden=\"true\" class=\"wp-block-spacer\"><\/div>\n\n\n\n<div class=\"wp-block-columns is-layout-flex wp-container-core-columns-is-layout-9d6595d7 wp-block-columns-is-layout-flex\">\n<div class=\"wp-block-column is-vertically-aligned-center is-layout-flow wp-block-column-is-layout-flow\">\n<figure class=\"wp-block-image size-large\"><img decoding=\"async\" width=\"411\" height=\"340\" data-src=\"https:\/\/praxis-dr-benner.de\/wp-content\/uploads\/2021\/05\/implantologie_content01.jpg\" alt=\"Zahnarzt Dr. Benner\" class=\"wp-image-396 lazyload\" title=\"Zahnarzt Dr. Benner\" data-srcset=\"https:\/\/praxis-dr-benner.de\/wp-content\/uploads\/2021\/05\/implantologie_content01.jpg 411w, https:\/\/praxis-dr-benner.de\/wp-content\/uploads\/2021\/05\/implantologie_content01-300x248.jpg 300w\" data-sizes=\"(max-width: 411px) 100vw, 411px\" src=\"data:image\/svg+xml;base64,PHN2ZyB3aWR0aD0iMSIgaGVpZ2h0PSIxIiB4bWxucz0iaHR0cDovL3d3dy53My5vcmcvMjAwMC9zdmciPjwvc3ZnPg==\" style=\"--smush-placeholder-width: 411px; --smush-placeholder-aspect-ratio: 411\/340;\" \/><\/figure>\n\n\n\n<p><\/p>\n<\/div>\n\n\n\n<div class=\"wp-block-column is-layout-flow wp-block-column-is-layout-flow\">\n<h4 class=\"wp-block-heading\">Moderne Technologien fu\u0308r Ihre Lebensqualit\u00e4t!<\/h4>\n\n\n\n<p>Durch die M\u00f6glichkeiten der modernen, strahlenarmen Bildgebungs- und Diagnostikverfahren in Verbindung mit optischen Scannern, ist es uns m\u00f6glich, hochpr\u00e4zise dreidimensionale Modelle Ihrer individuellen Kiefersituation zu erstellen. Auf Grundlage dieser Modelle fr\u00e4sen wir eine individuell auf Sie angepasste Bohrschablone, welche garantiert, dass u\u0308bliche Komplikationen verhindert werden und die Implantologie fu\u0308r Sie noch sicherer macht.<\/p>\n<\/div>\n<\/div>\n\n\n\n<div style=\"height:20px\" aria-hidden=\"true\" class=\"wp-block-spacer\"><\/div>\n<\/div><\/div>\n<\/div><\/div>\n\n\n\n<div class=\"wp-block-group full-size light-blue\"><div class=\"wp-block-group__inner-container is-layout-flow wp-block-group-is-layout-flow\">\n<div style=\"height:20px\" aria-hidden=\"true\" class=\"wp-block-spacer\"><\/div>\n\n\n\n<div class=\"wp-block-columns fixed-size is-layout-flex wp-container-core-columns-is-layout-9d6595d7 wp-block-columns-is-layout-flex\">\n<div class=\"wp-block-column is-vertically-aligned-center is-layout-flow wp-block-column-is-layout-flow\">\n<h2 class=\"wp-block-heading\">Kooperationen<\/h2>\n\n\n\n<p>In besonders schwierigen F\u00e4llen &#8211; zum Beispiel bei starkem Kieferknochenabbau oder anatomischen Herausforderungen wie der N\u00e4he des Implantats zum Unterkiefernerv oder der Kieferh\u00f6hle &#8211; kooperieren wir mit Spezialisten, um Ihnen das bestm\u00f6gliche Ergebnis fu\u0308r Ihre langfristige Gesundheit zu erm\u00f6glichen.<br>Wie bei allen anderen Behandlungsm\u00f6glichkeiten, setzen wir auch hier auf Kostentransparenz und die M\u00f6glichkeit der Ratenzahlung. Sprechen Sie uns gerne an!<\/p>\n<\/div>\n\n\n\n<div class=\"wp-block-column is-layout-flow wp-block-column-is-layout-flow\">\n<div class=\"wp-block-image\"><figure class=\"alignright size-large\"><img decoding=\"async\" width=\"411\" height=\"340\" data-src=\"https:\/\/praxis-dr-benner.de\/wp-content\/uploads\/2021\/05\/implantologie_content02.jpg\" alt=\"Zahnarzt Dr. Benner\" class=\"wp-image-397 lazyload\" title=\"Zahnarzt Dr. Benner\" data-srcset=\"https:\/\/praxis-dr-benner.de\/wp-content\/uploads\/2021\/05\/implantologie_content02.jpg 411w, https:\/\/praxis-dr-benner.de\/wp-content\/uploads\/2021\/05\/implantologie_content02-300x248.jpg 300w\" data-sizes=\"(max-width: 411px) 100vw, 411px\" src=\"data:image\/svg+xml;base64,PHN2ZyB3aWR0aD0iMSIgaGVpZ2h0PSIxIiB4bWxucz0iaHR0cDovL3d3dy53My5vcmcvMjAwMC9zdmciPjwvc3ZnPg==\" style=\"--smush-placeholder-width: 411px; --smush-placeholder-aspect-ratio: 411\/340;\" \/><\/figure><\/div>\n<\/div>\n<\/div>\n\n\n\n<div style=\"height:21px\" aria-hidden=\"true\" class=\"wp-block-spacer\"><\/div>\n<\/div><\/div>\n\n\n\n<div class=\"wp-block-columns wp-splate-before-footer is-layout-flex wp-container-core-columns-is-layout-9d6595d7 wp-block-columns-is-layout-flex\">\n<div class=\"wp-block-column spalte-color is-layout-flow wp-block-column-is-layout-flow\">\n<div style=\"height:40px\" aria-hidden=\"true\" class=\"wp-block-spacer\"><\/div>\n\n\n\n\n<div id=\"wk-gridca9\" class=\"uk-grid-width-1-1 uk-grid-width-small-1-1 uk-grid-width-medium-1-1 uk-grid-width-large-1-2 uk-grid-width-xlarge-1-2 uk-grid uk-grid-match uk-text-left \" data-uk-grid-match=\"{target:'> div > .uk-panel', row:true}\" data-uk-grid-margin  data-uk-scrollspy=\"{cls:'uk-animation-scale-up uk-invisible', target:'> div > .uk-panel', delay:300}\">\n\n\n    <div>\n        <div class=\"uk-panel uk-invisible\">\n\n            \n            \n                        <div class=\"uk-text-center uk-margin uk-margin-top-remove\"><img decoding=\"async\" data-src=\"\/wp-content\/uploads\/2025\/05\/icon1.png\" alt=\"PRAXIS\" width=\"96\" height=\"91\" title=\"Zahnarzt Dr. Benner\" src=\"data:image\/svg+xml;base64,PHN2ZyB3aWR0aD0iMSIgaGVpZ2h0PSIxIiB4bWxucz0iaHR0cDovL3d3dy53My5vcmcvMjAwMC9zdmciPjwvc3ZnPg==\" class=\"lazyload\" style=\"--smush-placeholder-width: 96px; --smush-placeholder-aspect-ratio: 96\/91;\"><\/div>\n            \n            \n            \n            \n            \n                        <div class=\"uk-margin\"><div id=\"kontakt_\">.<\/div>\n<h5>zahnmedizin rheinland<\/h5>\nLandstr. 23<br>\n50374 Erftstadt<br>\nTel. 02235 &#8211; 6525<br>\n<a href=\"mailto:info@praxis-dr-benner.de\">info@praxis-dr-benner.de<\/a><br>\n<a href=\"https:\/\/praxis-dr-benner.de\">www.praxis-dr-benner.de<\/a><br>\n<hr><\/div>\n            \n            \n            \n            \n        <\/div>\n    <\/div>\n\n\n<\/div>\n\n<script>\n(function($){\n\n    \/\/ get the images of the gallery and replace it by a canvas of the same size to fix the problem with overlapping images on load.\n    $('img[width][height]:not(.uk-overlay-panel)', $('#wk-gridca9')).each(function() {\n\n        var $img = $(this);\n\n        if (this.width == 'auto' || this.height == 'auto' || !$img.is(':visible')) {\n            return;\n        }\n\n        var $canvas = $('<canvas class=\"uk-responsive-width\"><\/canvas>').attr({width:$img.attr('width'), height:$img.attr('height')}),\n            img = new Image,\n            release = function() {\n                $canvas.remove();\n                $img.css('display', '');\n                release = function(){};\n            };\n\n        $img.css('display', 'none').after($canvas);\n\n        $(img).on('load', function(){ release(); });\n        setTimeout(function(){ release(); }, 1000);\n\n        img.src = this.src;\n\n    });\n\n})(jQuery);\n<\/script>\n\n\n\n\n<div style=\"height:40px\" aria-hidden=\"true\" class=\"wp-block-spacer\"><\/div>\n<\/div>\n\n\n\n<div class=\"wp-block-column spalte-oz-block is-layout-flow wp-block-column-is-layout-flow\">\n<div style=\"height:71px\" aria-hidden=\"true\" class=\"wp-block-spacer\"><\/div>\n\n\n\n\n<div id=\"wk-grid842\" class=\"uk-grid-width-1-1 uk-grid-width-small-1-1 uk-grid-width-medium-1-1 uk-grid-width-large-1-2 uk-grid-width-xlarge-1-2 uk-grid uk-grid-match uk-text-left landigpage-oz\" data-uk-grid-match=\"{target:'> div > .uk-panel', row:true}\" data-uk-grid-margin  data-uk-scrollspy=\"{cls:'uk-animation-scale-up uk-invisible', target:'> div > .uk-panel', delay:300}\">\n\n\n    <div>\n        <div class=\"uk-panel uk-invisible\">\n\n            \n            \n            \n            \n                        <h3 class=\"uk-panel-title\">\n\n                                    \u00d6ffnungszeiten                \n                \n            <\/h3>\n            \n            \n            \n                        <div class=\"uk-margin\"><div class=\"\">\n<div id=\"oeffnungszeiten_\">.<\/div>\n<table>\n<tbody>\n<tr>\n<td>Montag<\/td>\n<td>07:30 &#8211; 19:30 Uhr<\/td>\n<\/tr>\n<tr>\n<td>Dienstag<\/td>\n<td>07:30 &#8211; 19:30 Uhr<\/td>\n<\/tr>\n<tr>\n<td>Mittwoch<\/td>\n<td>07:30 &#8211; 17:00 Uhr<\/td>\n<\/tr>\n<tr>\n<td>Donnerstag<\/td>\n<td>07:30 &#8211; 19:30 Uhr<\/td>\n<\/tr>\n<tr>\n<td>Freitag<\/td>\n<td>07:30 &#8211; 13:30 Uhr<\/td>\n<\/tr>\n<\/tbody>\n<\/table><\/div>\n<\/div>\n            \n            \n            \n            \n        <\/div>\n    <\/div>\n\n\n<\/div>\n\n<script>\n(function($){\n\n    \/\/ get the images of the gallery and replace it by a canvas of the same size to fix the problem with overlapping images on load.\n    $('img[width][height]:not(.uk-overlay-panel)', $('#wk-grid842')).each(function() {\n\n        var $img = $(this);\n\n        if (this.width == 'auto' || this.height == 'auto' || !$img.is(':visible')) {\n            return;\n        }\n\n        var $canvas = $('<canvas class=\"uk-responsive-width\"><\/canvas>').attr({width:$img.attr('width'), height:$img.attr('height')}),\n            img = new Image,\n            release = function() {\n                $canvas.remove();\n                $img.css('display', '');\n                release = function(){};\n            };\n\n        $img.css('display', 'none').after($canvas);\n\n        $(img).on('load', function(){ release(); });\n        setTimeout(function(){ release(); }, 1000);\n\n        img.src = this.src;\n\n    });\n\n})(jQuery);\n<\/script>\n\n\n\n\n<div style=\"height:10px\" aria-hidden=\"true\" class=\"wp-block-spacer\"><\/div>\n\n\n\n<p><\/p>\n<\/div>\n<\/div>\n","protected":false},"excerpt":{"rendered":"<p>Implantologie &#8211; GENAU mein Zahnersatz Die eigenen Z\u00e4hne zu erhalten ist immer das Mittel der Wahl. Sollte durch das notwendige Ziehen eines oder mehrerer Z\u00e4hne eine L\u00fccke entstehen, stellt sich die Frage, wie diese L\u00fccke zu schlie\u00dfen ist. Zahnersatz auf Implantaten kommt dem nat\u00fcrlichen Zahn am n\u00e4chsten. Das als k\u00fcnstliche Zahnwurzel agierende Implantat verankert nicht [&hellip;]<\/p>\n","protected":false},"author":1,"featured_media":0,"parent":165,"menu_order":0,"comment_status":"closed","ping_status":"closed","template":"","meta":{"_custom_body_class":"landingpage","_custom_post_class":"","footnotes":""},"class_list":["post-235","page","type-page","status-publish","hentry"],"_links":{"self":[{"href":"https:\/\/praxis-dr-benner.de\/en\/wp-json\/wp\/v2\/pages\/235","targetHints":{"allow":["GET"]}}],"collection":[{"href":"https:\/\/praxis-dr-benner.de\/en\/wp-json\/wp\/v2\/pages"}],"about":[{"href":"https:\/\/praxis-dr-benner.de\/en\/wp-json\/wp\/v2\/types\/page"}],"author":[{"embeddable":true,"href":"https:\/\/praxis-dr-benner.de\/en\/wp-json\/wp\/v2\/users\/1"}],"replies":[{"embeddable":true,"href":"https:\/\/praxis-dr-benner.de\/en\/wp-json\/wp\/v2\/comments?post=235"}],"version-history":[{"count":6,"href":"https:\/\/praxis-dr-benner.de\/en\/wp-json\/wp\/v2\/pages\/235\/revisions"}],"predecessor-version":[{"id":774,"href":"https:\/\/praxis-dr-benner.de\/en\/wp-json\/wp\/v2\/pages\/235\/revisions\/774"}],"up":[{"embeddable":true,"href":"https:\/\/praxis-dr-benner.de\/en\/wp-json\/wp\/v2\/pages\/165"}],"wp:attachment":[{"href":"https:\/\/praxis-dr-benner.de\/en\/wp-json\/wp\/v2\/media?parent=235"}],"curies":[{"name":"wp","href":"https:\/\/api.w.org\/{rel}","templated":true}]}}