{"id":630,"date":"2022-03-08T09:37:54","date_gmt":"2022-03-08T08:37:54","guid":{"rendered":"https:\/\/praxis-dr-benner.de\/?page_id=630"},"modified":"2025-05-02T12:32:00","modified_gmt":"2025-05-02T10:32:00","slug":"zahnbuerste","status":"publish","type":"page","link":"https:\/\/praxis-dr-benner.de\/en\/prophylaxekonzept\/zahnbuerste\/","title":{"rendered":"Zahnb\u00fcrste"},"content":{"rendered":"\n<div class=\"wp-block-group pk\"><div class=\"wp-block-group__inner-container is-layout-flow wp-block-group-is-layout-flow\">\n<figure class=\"wp-block-image size-full header\"><img decoding=\"async\" width=\"2560\" height=\"581\" data-src=\"https:\/\/praxis-dr-benner.de\/wp-content\/uploads\/2022\/03\/zb-header-scaled.jpg\" alt=\"Zahnarzt Dr. Benner\" class=\"wp-image-639 lazyload\" title=\"Zahnarzt Dr. Benner\" data-srcset=\"https:\/\/praxis-dr-benner.de\/wp-content\/uploads\/2022\/03\/zb-header-scaled.jpg 2560w, https:\/\/praxis-dr-benner.de\/wp-content\/uploads\/2022\/03\/zb-header-300x68.jpg 300w, https:\/\/praxis-dr-benner.de\/wp-content\/uploads\/2022\/03\/zb-header-1024x232.jpg 1024w, https:\/\/praxis-dr-benner.de\/wp-content\/uploads\/2022\/03\/zb-header-768x174.jpg 768w, https:\/\/praxis-dr-benner.de\/wp-content\/uploads\/2022\/03\/zb-header-1536x349.jpg 1536w, https:\/\/praxis-dr-benner.de\/wp-content\/uploads\/2022\/03\/zb-header-2048x465.jpg 2048w\" data-sizes=\"(max-width: 2560px) 100vw, 2560px\" src=\"data:image\/svg+xml;base64,PHN2ZyB3aWR0aD0iMSIgaGVpZ2h0PSIxIiB4bWxucz0iaHR0cDovL3d3dy53My5vcmcvMjAwMC9zdmciPjwvc3ZnPg==\" style=\"--smush-placeholder-width: 2560px; --smush-placeholder-aspect-ratio: 2560\/581;\" \/><\/figure>\n\n\n\n<div class=\"wp-block-group bg-green\"><div class=\"wp-block-group__inner-container is-layout-flow wp-block-group-is-layout-flow\">\n<div style=\"height:20px\" aria-hidden=\"true\" class=\"wp-block-spacer\"><\/div>\n\n\n\n<div class=\"wp-block-group fixed-size\"><div class=\"wp-block-group__inner-container is-layout-flow wp-block-group-is-layout-flow\">\n<h1 class=\"wp-block-heading\">Prophylaxekonzept:<br>Die richtige Zahnb\u00fcrste<\/h1>\n\n\n\n<p><strong>Die Lesedauer dieser Thematik betr\u00e4gt circa 3 Minuten.<\/strong><\/p>\n<\/div><\/div>\n\n\n\n<div style=\"height:20px\" aria-hidden=\"true\" class=\"wp-block-spacer\"><\/div>\n<\/div><\/div>\n\n\n\n<div style=\"height:50px\" aria-hidden=\"true\" class=\"wp-block-spacer\"><\/div>\n\n\n\n<div class=\"wp-block-group fixed-size\"><div class=\"wp-block-group__inner-container is-layout-flow wp-block-group-is-layout-flow\">\n<h2 class=\"wp-block-heading no-bottom-margin has-text-color\" style=\"color:#6fc2b6\">Die richtige Zahnb\u00fcrste<\/h2>\n\n\n\n<div class=\"wp-block-columns is-layout-flex wp-container-core-columns-is-layout-9d6595d7 wp-block-columns-is-layout-flex\">\n<div class=\"wp-block-column column-margin is-layout-flow wp-block-column-is-layout-flow\" style=\"flex-basis:65%\">\n<p class=\"has-text-color\" style=\"color:#6fc2b6\"><strong>Mittlerweile gibt die unterschiedlichsten Zahnb\u00fcrsten. Diverse Ausf\u00fchrungen von Handzahnb\u00fcrsten, aber auch eine Bandbreite an elektrischen Zahnb\u00fcrsten &#8211; Schall-, Ultraschall- oder rotierenden B\u00fcrstenk\u00f6pfen sind erh\u00e4ltlich.<\/strong><\/p>\n\n\n\n<p><strong>Es leuchtet ein, dass elektrische Zahnb\u00fcrsten<br>eine bessere Reinigungsf\u00e4higkeit haben.<\/strong><br>W\u00e4hrend rotierende B\u00fcrstenk\u00f6pfe um die 10.000 mal pro Minute rotieren, schwingen Schallzahnb\u00fcrsten circa 30.000 Mal pro Minute und Ultraschallzahnb\u00fcrsten circa 1,6 Millionen Mal pro Sekunde. Doch dieses Plus an Reinigungsf\u00e4higkeit konnte wissenschaftlich noch keine Verringerung an Kariesanf\u00e4lligkeit erzeugen. Wie eine gro\u00df angelegte Studie (<a href=\"https:\/\/onlinelibrary.wiley.com\/doi\/full\/10.1111\/jcpe.13126\" target=\"_blank\" rel=\"noopener\">https:\/\/onlinelibrary.wiley.com\/doi\/full\/10.1111\/jcpe.13126<\/a>) der Universit\u00e4t Greifswald zeigt, konnte kein Zusammenhang zwischen der Anwendung elektrischer B\u00fcrsten und Karies gefunden werden:<br>\u201cEs ist davon auszugehen, dass Fluorid in Zahnputzcremes eine wichtigere Rolle bei der Vorbeugung von Karies oder der Verringerung der Kariesprogression spielt&#8221;, sagte der Greifswalder Forscher Vinay Pitchika. Diese Beobachtung geht einher mit vergangenen Studien, die der Fluoridierung einen h\u00f6heren Stellenwert als der mechanischen Reinigung beimessen.<\/p>\n\n\n\n<p>Jedoch arbeitete die Studie einen Unterschied beim Schutz der Z\u00e4hne vor Entz\u00fcndungen des Zahnhalteapparates (Parodontitis) heraus. \u00dcber einen Studienzeitraum von 11 Jahren verloren Patienten im Durchschnitt 0,4 weniger Z\u00e4hne. Dies liegt laut den Forschern daran, dass mit Handzahnb\u00fcrsten zwar \u00e4hnliche Putzergebnisse erzielt werden k\u00f6nnen, jedoch muss daf\u00fcr l\u00e4nger und mit der perfekten Technik gearbeitet werden. Elektrische Zahnb\u00fcrsten machen dies automatisch richtig. Abschlie\u00dfend soll jedoch gesagt sein, dass Patienten, die mit elektrischen Zahnb\u00fcrsten nicht zurecht kommen, besser eine Handzahnb\u00fcrste verwenden &#8211; denn bevor man gar nicht putzt, ist die Nutzung einer Handzahnb\u00fcrste definitiv vorzuziehen!<\/p>\n\n\n\n<p><strong>Sollte sich f\u00fcr eine Handzahnb\u00fcrste entschieden werden, empfiehlt <\/strong><br><strong>sich in der Regel eine mittelharte B\u00fcrste mit ebenem Borstenfeld.<\/strong><\/p>\n\n\n\n<div style=\"height:25px\" aria-hidden=\"true\" class=\"wp-block-spacer\"><\/div>\n\n\n\n<video controls=\"\" width=\"100%\" height=\"auto\">\n    <source src=\"\/wp-content\/uploads\/2022\/11\/20220725_9919_DrBenner_richtige_Putztechnik.mp4\" type=\"video\/mp4\">\n<\/video>\n<\/div>\n\n\n\n<div class=\"wp-block-column zbuersten is-layout-flow wp-block-column-is-layout-flow\" style=\"flex-basis:35%\"><div class=\"wp-block-image\">\n<figure class=\"aligncenter size-large is-resized\"><img decoding=\"async\" width=\"352\" height=\"1024\" data-src=\"https:\/\/praxis-dr-benner.de\/wp-content\/uploads\/2022\/03\/zb1-352x1024.png\" alt=\"Zahnarzt Dr. Benner\" class=\"wp-image-644 lazyload\" style=\"--smush-placeholder-width: 352px; --smush-placeholder-aspect-ratio: 352\/1024;width:264px;height:768px\" title=\"Zahnarzt Dr. Benner\" data-srcset=\"https:\/\/praxis-dr-benner.de\/wp-content\/uploads\/2022\/03\/zb1-352x1024.png 352w, https:\/\/praxis-dr-benner.de\/wp-content\/uploads\/2022\/03\/zb1-103x300.png 103w, https:\/\/praxis-dr-benner.de\/wp-content\/uploads\/2022\/03\/zb1.png 415w\" data-sizes=\"(max-width: 352px) 100vw, 352px\" src=\"data:image\/svg+xml;base64,PHN2ZyB3aWR0aD0iMSIgaGVpZ2h0PSIxIiB4bWxucz0iaHR0cDovL3d3dy53My5vcmcvMjAwMC9zdmciPjwvc3ZnPg==\" \/><\/figure>\n<\/div>\n\n\n<p class=\"has-text-align-center circle-gray\"><strong>Egal, ob eine<br>Handzahnb\u00fcrste oder eine elektrische Zahnb\u00fcrste benutzt wird, sollte der Borstenkopf in der Regel alle 4 Monate gewechselt werden.<\/strong><\/p>\n<\/div>\n<\/div>\n<\/div><\/div>\n\n\n\n<div style=\"height:40px\" aria-hidden=\"true\" class=\"wp-block-spacer\"><\/div>\n\n\n\n<div class=\"wp-block-group bg-green\"><div class=\"wp-block-group__inner-container is-layout-flow wp-block-group-is-layout-flow\">\n<div style=\"height:25px\" aria-hidden=\"true\" class=\"wp-block-spacer\"><\/div>\n\n\n\n<div class=\"wp-block-group fixed-size\"><div class=\"wp-block-group__inner-container is-layout-flow wp-block-group-is-layout-flow\">\n<h2 class=\"wp-block-heading\">Hier weiterlesen:<\/h2>\n\n\n\n<div class=\"wp-block-buttons is-layout-flex wp-block-buttons-is-layout-flex\">\n<div class=\"wp-block-button cmd-gray\"><a class=\"wp-block-button__link wp-element-button\" href=\"\/prophylaxekonzept\/zahnpflege\">Die richtige Zahnpflege<\/a><\/div>\n\n\n\n<div class=\"wp-block-button cmd-gray\"><a class=\"wp-block-button__link wp-element-button\" href=\"\/prophylaxekonzept\/zahnpasta\">Die richtige Zahnpasta<\/a><\/div>\n\n\n\n<div class=\"wp-block-button cmd-gray\"><a class=\"wp-block-button__link wp-element-button\" href=\"\/prophylaxekonzept\/zwischenraumpflege\">Die richtige Zahnzwischenraumpflege<\/a><\/div>\n<\/div>\n<\/div><\/div>\n\n\n\n<div style=\"height:50px\" aria-hidden=\"true\" class=\"wp-block-spacer\"><\/div>\n<\/div><\/div>\n\n\n\n<div class=\"wp-block-columns nogap is-layout-flex wp-container-core-columns-is-layout-9d6595d7 wp-block-columns-is-layout-flex\">\n<div class=\"wp-block-column bg-green30 is-layout-flow wp-block-column-is-layout-flow\">\n<div style=\"height:75px\" aria-hidden=\"true\" class=\"wp-block-spacer\"><\/div>\n\n\n\n<div class=\"wp-block-group half-left pdf\"><div class=\"wp-block-group__inner-container is-layout-flow wp-block-group-is-layout-flow\">\n<h3 class=\"wp-block-heading\">Unsere<br>Zahnpflege-<br>Checkliste f\u00fcr<br>Zuhause<\/h3>\n\n\n\n<div class=\"wp-block-buttons is-layout-flex wp-block-buttons-is-layout-flex\">\n<div class=\"wp-block-button\"><a class=\"wp-block-button__link wp-element-button\" href=\"\/wp-content\/uploads\/2022\/12\/20221202_10550_drbenner_prophylaxekonzept_cheat_sheet_A4_1seitig_layout.pdf\">Jetzt herunterladen<\/a><\/div>\n<\/div>\n<\/div><\/div>\n\n\n\n<div style=\"height:75px\" aria-hidden=\"true\" class=\"wp-block-spacer\"><\/div>\n<\/div>\n\n\n\n<div class=\"wp-block-column hg-service is-layout-flow wp-block-column-is-layout-flow\">\n<div style=\"height:10px\" aria-hidden=\"true\" class=\"wp-block-spacer\"><\/div>\n\n\n\n<div class=\"wp-block-group half-right\"><div class=\"wp-block-group__inner-container is-layout-flow wp-block-group-is-layout-flow\">\n<h3 class=\"wp-block-heading has-text-align-center\">Genau mein Service.<\/h3>\n\n\n\n<hr class=\"wp-block-separator has-css-opacity aligncenter\"\/>\n\n\n\n<h3 class=\"wp-block-heading has-text-align-center\">Jetzt einen Termin in<br>unserer Praxis vereinbaren.<\/h3>\n\n\n\n<div class=\"drflex-button-wrapper\">\n        <a href=\"javascript:toggleDrFlexAppointments()\">\n            <div class=\"drflex-button custom-css-button cmd-flex-green\"\n                style=\"border-radius: 1em;\n                    background-color: #68e697;\n                    color: #ffffff;\n                    padding: 1em;\">Hier Termin vereinbaren\n            <\/div>\n        <\/a>\n    <\/div>\n\n\n\n<p class=\"has-text-align-center\">oder telefonisch Tel. 02235 &#8211; 6525<\/p>\n<\/div><\/div>\n\n\n\n<div style=\"height:10px\" aria-hidden=\"true\" class=\"wp-block-spacer\"><\/div>\n<\/div>\n<\/div>\n\n\n\n<div class=\"wp-block-group fixed-size\"><div class=\"wp-block-group__inner-container is-layout-flow wp-block-group-is-layout-flow\">\n<div style=\"height:50px\" aria-hidden=\"true\" class=\"wp-block-spacer\"><\/div>\n\n\n\n<div class=\"wp-block-columns landing-oz-next is-layout-flex wp-container-core-columns-is-layout-9d6595d7 wp-block-columns-is-layout-flex\">\n<div class=\"wp-block-column lnading-other-adress is-layout-flow wp-block-column-is-layout-flow\">\n\n<div id=\"wk-grid821\" class=\"uk-grid-width-1-1 uk-grid-width-small-1-1 uk-grid-width-medium-1-1 uk-grid-width-large-1-2 uk-grid-width-xlarge-1-2 uk-grid uk-grid-match uk-text-left \" data-uk-grid-match=\"{target:'> div > .uk-panel', row:true}\" data-uk-grid-margin  data-uk-scrollspy=\"{cls:'uk-animation-scale-up uk-invisible', target:'> div > .uk-panel', delay:300}\">\n\n\n    <div>\n        <div class=\"uk-panel uk-invisible\">\n\n            \n            \n                        <div class=\"uk-text-center uk-margin uk-margin-top-remove\"><img decoding=\"async\" data-src=\"\/wp-content\/uploads\/2025\/05\/bildmarke_blau.png\" alt=\"PRAXIS\" width=\"96\" height=\"91\" title=\"Zahnarzt Dr. Benner\" src=\"data:image\/svg+xml;base64,PHN2ZyB3aWR0aD0iMSIgaGVpZ2h0PSIxIiB4bWxucz0iaHR0cDovL3d3dy53My5vcmcvMjAwMC9zdmciPjwvc3ZnPg==\" class=\"lazyload\" style=\"--smush-placeholder-width: 96px; --smush-placeholder-aspect-ratio: 96\/91;\"><\/div>\n            \n            \n            \n            \n            \n                        <div class=\"uk-margin\"><div id=\"kontakt_\">.<\/div>\n<h5>PRAXIS DR. BENNER<\/h5>\n<span>Landstr. 23 | 50374 Erftstadt<br>\nTel. 02235 &#8211; 6525<br><\/span><br>\n<a href=\"mailto:info@praxis-dr-benner.de\">info@praxis-dr-benner.de<\/a><br>\n\n<\/div>\n            \n            \n            \n            \n        <\/div>\n    <\/div>\n\n\n<\/div>\n\n<script>\n(function($){\n\n    \/\/ get the images of the gallery and replace it by a canvas of the same size to fix the problem with overlapping images on load.\n    $('img[width][height]:not(.uk-overlay-panel)', $('#wk-grid821')).each(function() {\n\n        var $img = $(this);\n\n        if (this.width == 'auto' || this.height == 'auto' || !$img.is(':visible')) {\n            return;\n        }\n\n        var $canvas = $('<canvas class=\"uk-responsive-width\"><\/canvas>').attr({width:$img.attr('width'), height:$img.attr('height')}),\n            img = new Image,\n            release = function() {\n                $canvas.remove();\n                $img.css('display', '');\n                release = function(){};\n            };\n\n        $img.css('display', 'none').after($canvas);\n\n        $(img).on('load', function(){ release(); });\n        setTimeout(function(){ release(); }, 1000);\n\n        img.src = this.src;\n\n    });\n\n})(jQuery);\n<\/script>\n\n<\/div>\n\n\n\n<div class=\"wp-block-column is-layout-flow wp-block-column-is-layout-flow\">\n\n<div id=\"wk-grid5ef\" class=\"uk-grid-width-1-1 uk-grid-width-small-1-1 uk-grid-width-medium-1-1 uk-grid-width-large-1-2 uk-grid-width-xlarge-1-2 uk-grid uk-grid-match uk-text-left landigpage-oz\" data-uk-grid-match=\"{target:'> div > .uk-panel', row:true}\" data-uk-grid-margin  data-uk-scrollspy=\"{cls:'uk-animation-scale-up uk-invisible', target:'> div > .uk-panel', delay:300}\">\n\n\n    <div>\n        <div class=\"uk-panel uk-invisible\">\n\n            \n            \n            \n            \n                        <h3 class=\"uk-panel-title\">\n\n                                    \u00d6ffnungszeiten                \n                \n            <\/h3>\n            \n            \n            \n                        <div class=\"uk-margin\"><div class=\"\">\n<div id=\"oeffnungszeiten_\">.<\/div>\n<table>\n<tbody>\n<tr>\n<td>Montag<\/td>\n<td>07:30 &#8211; 19:30 Uhr<\/td>\n<\/tr>\n<tr>\n<td>Dienstag<\/td>\n<td>07:30 &#8211; 19:30 Uhr<\/td>\n<\/tr>\n<tr>\n<td>Mittwoch<\/td>\n<td>07:30 &#8211; 17:00 Uhr<\/td>\n<\/tr>\n<tr>\n<td>Donnerstag<\/td>\n<td>07:30 &#8211; 19:30 Uhr<\/td>\n<\/tr>\n<tr>\n<td>Freitag<\/td>\n<td>07:30 &#8211; 13:30 Uhr<\/td>\n<\/tr>\n<\/tbody>\n<\/table><\/div>\n<\/div>\n            \n            \n            \n            \n        <\/div>\n    <\/div>\n\n\n<\/div>\n\n<script>\n(function($){\n\n    \/\/ get the images of the gallery and replace it by a canvas of the same size to fix the problem with overlapping images on load.\n    $('img[width][height]:not(.uk-overlay-panel)', $('#wk-grid5ef')).each(function() {\n\n        var $img = $(this);\n\n        if (this.width == 'auto' || this.height == 'auto' || !$img.is(':visible')) {\n            return;\n        }\n\n        var $canvas = $('<canvas class=\"uk-responsive-width\"><\/canvas>').attr({width:$img.attr('width'), height:$img.attr('height')}),\n            img = new Image,\n            release = function() {\n                $canvas.remove();\n                $img.css('display', '');\n                release = function(){};\n            };\n\n        $img.css('display', 'none').after($canvas);\n\n        $(img).on('load', function(){ release(); });\n        setTimeout(function(){ release(); }, 1000);\n\n        img.src = this.src;\n\n    });\n\n})(jQuery);\n<\/script>\n\n<\/div>\n\n\n\n<div class=\"wp-block-column is-vertically-aligned-bottom is-layout-flow wp-block-column-is-layout-flow\">\n\n<div id=\"wk-gridbd3\" class=\"uk-grid-width-1-1 uk-grid-width-small-1-1 uk-grid-width-medium-1-1 uk-grid-width-large-1-2 uk-grid-width-xlarge-1-2 uk-grid uk-grid-match uk-text-left jameda-content\" data-uk-grid-match=\"{target:'> div > .uk-panel', row:true}\" data-uk-grid-margin  data-uk-scrollspy=\"{cls:'uk-animation-scale-up uk-invisible', target:'> div > .uk-panel', delay:300}\">\n\n\n    <div>\n        <div class=\"uk-panel uk-invisible\">\n\n            \n            \n            \n            \n            \n            \n            \n                        <div class=\"uk-margin\"><p><script src=\"https:\/\/cdn1.jameda-elements.de\/widgets\/siegel\/81611361_1\/1733868\/\" type=\"text\/javascript\" async><\/script><\/p>\n<div id=\"jameda-widget-container1733868\" style=\"position:relative; width:272px; height:168px; margin:15px; background-image:inherit; background-repeat:no-repeat; font-family:Arial, Helvetica, sans-serif; font-size:12px; line-height:15px;\" data-bg-image=\"url(https:\/\/cdn1.jameda-elements.de\/premium\/widgets\/_images\/top10-top20-bg.png)\" class=\"lazyload\">\n<div style=\"position:absolute; top:25px; left:108px; width:148px; height:58px; overflow:hidden; white-space:normal;\"><a href=\"https:\/\/www.jameda.de\/erftstadt\/zahnaerzte\/endodontologie-wurzelbehandlung\/dr-marcel-benner\/uebersicht\/81611361_1\/?utm_content=Top5&amp;utm_source=Kunden-Homepages&amp;utm_medium=Badges&amp;utm_term=81611361&amp;utm_campaign=Badges\" style=\"font-size:15px; line-height:18px; font-weight:bold; color:#01a3d4; text-decoration:none; border:0px;\" target=\"_blank\" rel=\"noopener\">Dr. med. dent. Marcel Benner<\/a><\/div>\n<div style=\"position:absolute; top:98px; left:108px; width:152px; height:53px; overflow:hidden; color:#888; font-size:11px; line-height:13px;\"><strong><\/strong><br \/>in Erftstadt auf&nbsp;<a href=\"https:\/\/www.jameda.de\/erftstadt\/aerzte\/gruppe\/?utm_content=Top5&amp;utm_source=Kunden-Homepages&amp;utm_medium=Badges&amp;utm_term=81611361&amp;utm_campaign=Badges\" class=\"jam_link_check\" style=\"color:#069bd2; font-size:11px; text-decoration:none; border:0px; background-color:transparent !important;\" target=\"_blank\" rel=\"noopener\">jameda<\/a><\/div>\n<\/div>\n<\/div>\n            \n            \n            \n            \n        <\/div>\n    <\/div>\n\n\n<\/div>\n\n<script>\n(function($){\n\n    \/\/ get the images of the gallery and replace it by a canvas of the same size to fix the problem with overlapping images on load.\n    $('img[width][height]:not(.uk-overlay-panel)', $('#wk-gridbd3')).each(function() {\n\n        var $img = $(this);\n\n        if (this.width == 'auto' || this.height == 'auto' || !$img.is(':visible')) {\n            return;\n        }\n\n        var $canvas = $('<canvas class=\"uk-responsive-width\"><\/canvas>').attr({width:$img.attr('width'), height:$img.attr('height')}),\n            img = new Image,\n            release = function() {\n                $canvas.remove();\n                $img.css('display', '');\n                release = function(){};\n            };\n\n        $img.css('display', 'none').after($canvas);\n\n        $(img).on('load', function(){ release(); });\n        setTimeout(function(){ release(); }, 1000);\n\n        img.src = this.src;\n\n    });\n\n})(jQuery);\n<\/script>\n\n<\/div>\n<\/div>\n\n\n\n<div style=\"height:50px\" aria-hidden=\"true\" class=\"wp-block-spacer\"><\/div>\n<\/div><\/div>\n<\/div><\/div>\n\n\n\n<p><\/p>\n","protected":false},"excerpt":{"rendered":"<p>Prophylaxekonzept:Die richtige Zahnb\u00fcrste Die Lesedauer dieser Thematik betr\u00e4gt circa 3 Minuten. Die richtige Zahnb\u00fcrste Mittlerweile gibt die unterschiedlichsten Zahnb\u00fcrsten. Diverse Ausf\u00fchrungen von Handzahnb\u00fcrsten, aber auch eine Bandbreite an elektrischen Zahnb\u00fcrsten &#8211; Schall-, Ultraschall- oder rotierenden B\u00fcrstenk\u00f6pfen sind erh\u00e4ltlich. Es leuchtet ein, dass elektrische Zahnb\u00fcrsteneine bessere Reinigungsf\u00e4higkeit haben.W\u00e4hrend rotierende B\u00fcrstenk\u00f6pfe um die 10.000 mal pro Minute [&hellip;]<\/p>\n","protected":false},"author":1,"featured_media":0,"parent":720,"menu_order":0,"comment_status":"closed","ping_status":"closed","template":"","meta":{"_custom_body_class":"landingpage","_custom_post_class":"","footnotes":""},"class_list":["post-630","page","type-page","status-publish","hentry"],"_links":{"self":[{"href":"https:\/\/praxis-dr-benner.de\/en\/wp-json\/wp\/v2\/pages\/630","targetHints":{"allow":["GET"]}}],"collection":[{"href":"https:\/\/praxis-dr-benner.de\/en\/wp-json\/wp\/v2\/pages"}],"about":[{"href":"https:\/\/praxis-dr-benner.de\/en\/wp-json\/wp\/v2\/types\/page"}],"author":[{"embeddable":true,"href":"https:\/\/praxis-dr-benner.de\/en\/wp-json\/wp\/v2\/users\/1"}],"replies":[{"embeddable":true,"href":"https:\/\/praxis-dr-benner.de\/en\/wp-json\/wp\/v2\/comments?post=630"}],"version-history":[{"count":33,"href":"https:\/\/praxis-dr-benner.de\/en\/wp-json\/wp\/v2\/pages\/630\/revisions"}],"predecessor-version":[{"id":981,"href":"https:\/\/praxis-dr-benner.de\/en\/wp-json\/wp\/v2\/pages\/630\/revisions\/981"}],"up":[{"embeddable":true,"href":"https:\/\/praxis-dr-benner.de\/en\/wp-json\/wp\/v2\/pages\/720"}],"wp:attachment":[{"href":"https:\/\/praxis-dr-benner.de\/en\/wp-json\/wp\/v2\/media?parent=630"}],"curies":[{"name":"wp","href":"https:\/\/api.w.org\/{rel}","templated":true}]}}